{"id":2,"date":"2025-02-09T21:24:03","date_gmt":"2025-02-09T20:24:03","guid":{"rendered":"https:\/\/ffeventilationskontroll.se\/?page_id=2"},"modified":"2025-02-17T22:41:36","modified_gmt":"2025-02-17T21:41:36","slug":"exempelsida","status":"publish","type":"page","link":"https:\/\/ffeventilationskontroll.se\/","title":{"rendered":"Hem"},"content":{"rendered":"\t\t<div data-elementor-type=\"wp-page\" data-elementor-id=\"2\" class=\"elementor elementor-2\">\n\t\t\t\t<div class=\"elementor-element elementor-element-babe600 e-flex e-con-boxed e-con e-parent\" data-id=\"babe600\" data-element_type=\"container\">\n\t\t\t\t\t<div class=\"e-con-inner\">\n\t\t<div class=\"elementor-element elementor-element-fd606b5 e-con-full e-flex e-con e-child\" data-id=\"fd606b5\" data-element_type=\"container\">\n\t\t\t\t<div class=\"elementor-element elementor-element-81a4c88 elementor-widget__width-initial elementor-widget elementor-widget-heading\" data-id=\"81a4c88\" data-element_type=\"widget\" data-widget_type=\"heading.default\">\n\t\t\t\t<div class=\"elementor-widget-container\">\n\t\t\t\t\t<h1 class=\"elementor-heading-title elementor-size-default\">Dags f\u00f6r OVK?<\/h1>\t\t\t\t<\/div>\n\t\t\t\t<\/div>\n\t\t\t\t<\/div>\n\t\t<div class=\"elementor-element elementor-element-ff0adf7 e-con-full e-flex e-con e-child\" data-id=\"ff0adf7\" data-element_type=\"container\">\n\t\t\t\t<div class=\"elementor-element elementor-element-0d7a03f elementor-widget elementor-widget-heading\" data-id=\"0d7a03f\" data-element_type=\"widget\" data-widget_type=\"heading.default\">\n\t\t\t\t<div class=\"elementor-widget-container\">\n\t\t\t\t\t<h6 class=\"elementor-heading-title elementor-size-default\"><span style=\"font-family: UICTFontTextStyleBody;font-size: 18.55px;font-weight: 400;text-align: var(--text-align)\">F\u00f6rkortningen OVK st\u00e5r f\u00f6r Obligatorisk Ventilations-Kontroll och som namnet antyder \u00e4r den lagstadgad och obligatorisk. Regelverket kring funktionskontroll av ventilationssystem h\u00e4rstammar fr\u00e5n tidigt 1990-tal och \u00e4r ett resultat av att man under de f\u00f6regaende decennierna uppm\u00e4rksammade en d\u00e5lig inomhusmilj\u00f6 i m\u00e5nga offentliga lokaler och flerfamilishus.<\/span><p class=\"p1\" style=\"font-weight: 400;font-size: 18.6px;line-height: normal\"><span class=\"s1\" style=\"font-family: UICTFontTextStyleBody;font-size: 18.55px\">OVK, obligatorisk ventilationskontroll, ska g\u00f6ras regelbundet, i de flesta byggnader. Syftet \u00e4r att visa att inomhusklimatet \u00e4r bra och att ventilationssystemen fungerar. Kontrollen ska g\u00f6ras av en certifierad kontrollant. Kontrollanten ska ocks\u00e5 ge f\u00f6rslag till hur energi\u00e5tg\u00e5ngen kan minskas f\u00f6r ventilationen, utan att det ger en s\u00e4mre inomhusmilj\u00f6.<\/span><\/p><p class=\"p1\" style=\"font-weight: 400;font-size: 18.6px;line-height: normal\"><span class=\"s1\" style=\"font-family: UICTFontTextStyleBody;font-size: 18.55px\">Det \u00e4r byggnadens \u00e4gare, till exempel bostadsr\u00e4ttsf\u00f6reningen, som ska se till att OVK utf\u00f6rs. \u00c4garen ska v\u00e4lja en sakkunnig funktionskontrollant, som \u00e4r certifierad av ett ackrediterat certifieringsorgan.<\/span><\/p><p class=\"p1\" style=\"font-weight: 400;font-size: 18.6px;line-height: normal\"><span class=\"s1\" style=\"font-family: UICTFontTextStyleBody;font-size: 18.55px\">OVK ska g\u00f6ras regelbundet<\/span><\/p><p class=\"p1\" style=\"font-weight: 400;font-size: 18.6px;line-height: normal\"><span class=\"s1\" style=\"font-family: UICTFontTextStyleBody;font-size: 18.55px\">OVK ska g\u00f6ras innan ett ventilationssystem tas i bruk f\u00f6r f\u00f6rsta g\u00e5ngen (f\u00f6rsta besiktning). F\u00f6r de flesta byggnader ska OVK sedan g\u00f6ras regelbundet, var 3 eller 6 \u00e5r (\u00e5terkommande besiktning). Se tabell med intervaller f\u00f6r olika kategorier av byggnader.<\/span><\/p><p class=\"p2\" style=\"font-weight: 400;font-size: 18.6px;line-height: normal;min-height: 24px\"><span class=\"s1\" style=\"font-family: UICTFontTextStyleBody;font-size: 18.55px\"><\/span><br><\/p><p class=\"p1\" style=\"font-weight: 400;font-size: 18.6px;line-height: normal\"><span class=\"s1\" style=\"font-family: UICTFontTextStyleBody;font-size: 18.55px\">Byggnader och typ av ventilationssystem<\/span><\/p><p class=\"p1\" style=\"font-weight: 400;font-size: 18.6px;line-height: normal\"><span class=\"s1\" style=\"font-family: UICTFontTextStyleBody;font-size: 18.55px\">Intervall<\/span><\/p><p class=\"p1\" style=\"font-weight: 400;font-size: 18.6px;line-height: normal\"><span class=\"s1\" style=\"font-family: UICTFontTextStyleBody;font-size: 18.55px\">F\u00f6rskolor, skolor, v\u00e4rdlokaler och andra liknande byggnader. Oavsett typ av ventilationssystem.<\/span><\/p><p class=\"p1\" style=\"font-weight: 400;font-size: 18.6px;line-height: normal\"><span class=\"s1\" style=\"font-family: UICTFontTextStyleBody;font-size: 18.55px\">3 \u00e5r<\/span><\/p><p class=\"p1\" style=\"font-weight: 400;font-size: 18.6px;line-height: normal\"><span class=\"s1\" style=\"font-family: UICTFontTextStyleBody;font-size: 18.55px\">Flerbostadshus, kontorsbyggnader samt personalutrymmen och kontor industribyggnader och liknande. FT-, FTX-ventilation<\/span><\/p><p class=\"p1\" style=\"font-weight: 400;font-size: 18.6px;line-height: normal\"><span class=\"s1\" style=\"font-family: UICTFontTextStyleBody;font-size: 18.55px\">3 \u00e5r<\/span><\/p><p class=\"p1\" style=\"font-weight: 400;font-size: 18.6px;line-height: normal\"><span class=\"s1\" style=\"font-family: UICTFontTextStyleBody;font-size: 18.55px\">Flerbostadshus, kontorsbyggnader samt personalutrymmen och kontor industribyggnader och liknande. S-, F-, FX-ventilation<\/span><\/p><p class=\"p1\" style=\"font-weight: 400;font-size: 18.6px;line-height: normal\"><span class=\"s1\" style=\"font-family: UICTFontTextStyleBody;font-size: 18.55px\">6 \u00e5r<\/span><\/p><p class=\"p1\" style=\"font-weight: 400;font-size: 18.6px;line-height: normal\"><span class=\"s1\" style=\"font-family: UICTFontTextStyleBody;font-size: 18.55px\">En- och tv\u00e4bostadshus med FX-, FT-, FTX-ventilation.<\/span><\/p><p class=\"p1\" style=\"font-weight: 400;font-size: 18.6px;line-height: normal\"><span class=\"s1\" style=\"font-family: UICTFontTextStyleBody;font-size: 18.55px\">Endast en f\u00f6rsta installationsbesiktning innan systemet tas i bruk. Ingen \u00e4terkommande besiktning.<\/span><\/p><p class=\"p1\" style=\"font-weight: 400;font-size: 18.6px;line-height: normal\"><span class=\"s1\" style=\"font-family: UICTFontTextStyleBody;font-size: 18.55px\">S-ventilation = sj\u00e4lvdragsventilation.<\/span><\/p><p class=\"p1\" style=\"font-weight: 400;font-size: 18.6px;line-height: normal\"><span class=\"s1\" style=\"font-family: UICTFontTextStyleBody;font-size: 18.55px\">F-ventilation = fl\u00e4ktventilation d\u00e4r fr\u00e5nluftskanalerna \u00e4r fl\u00e4ktstyrda.<\/span><\/p><p class=\"p1\" style=\"font-weight: 400;font-size: 18.6px;line-height: normal\"><span class=\"s1\" style=\"font-family: UICTFontTextStyleBody;font-size: 18.55px\">FT-ventilation = fl\u00e4ktventilation d\u00e4r b\u00e4de fr\u00e5nluft- och tilluftsfl\u00f6dena \u00e4r fl\u00e4ktstyrda.<\/span><\/p><p class=\"p1\" style=\"font-weight: 400;font-size: 18.6px;line-height: normal\"><span class=\"s1\" style=\"font-family: UICTFontTextStyleBody;font-size: 18.55px\">FX-ventilation = F-ventilation med v\u00e4rme\u00e4tervinning.<\/span><\/p><p class=\"p1\" style=\"font-weight: 400;font-size: 18.6px;line-height: normal\"><span class=\"s1\" style=\"font-family: UICTFontTextStyleBody;font-size: 18.55px\">FTX-ventilation = FT- ventilation med v\u00e4rme\u00e4tervinning.<\/span><\/p><p class=\"p2\" style=\"font-weight: 400;font-size: 18.6px;line-height: normal;min-height: 24px\"><span class=\"s1\" style=\"font-family: UICTFontTextStyleBody;font-size: 18.55px\"><\/span><br><\/p><p class=\"p1\" style=\"font-weight: 400;font-size: 18.6px;line-height: normal\"><span class=\"s1\" style=\"font-family: UICTFontTextStyleBody;font-size: 18.55px\">Vill du f\u00e4 hj\u00e4lp med att genomf\u00f6ra en OVK, \u00e4tg\u00e4rda fel uppt\u00e4ckta i samband med OVK eller har fr\u00e4gor om ventilation sa ta kontakt med oss.<\/span><\/p><p class=\"p1\" style=\"font-weight: 400;font-size: 18.6px;line-height: normal\"><span class=\"s1\" style=\"font-family: UICTFontTextStyleBody;font-size: 18.55px\">FFE Ventilationskontroll<\/span><\/p><p class=\"p2\" style=\"font-weight: 400;font-size: 18.6px;line-height: normal;min-height: 24px\"><span class=\"s1\" style=\"font-family: UICTFontTextStyleBody;font-size: 18.55px\"><\/span><br><\/p><p class=\"p1\" style=\"font-weight: 400;font-size: 18.6px;line-height: normal\"><span class=\"s1\" style=\"font-family: UICTFontTextStyleBody;font-size: 18.55px\">fredrik@ffeventilationskontrol.se<\/span><\/p><p class=\"p1\" style=\"font-weight: 400;font-size: 18.6px;line-height: normal\"><span class=\"s1\" style=\"font-family: UICTFontTextStyleBody;font-size: 18.55px\">073-8457355<\/span><\/p><\/h6>\t\t\t\t<\/div>\n\t\t\t\t<\/div>\n\t\t\t\t<\/div>\n\t\t\t\t\t<\/div>\n\t\t\t\t<\/div>\n\t\t\t\t<\/div>\n\t\t","protected":false},"excerpt":{"rendered":"<p>Dags f\u00f6r OVK? F\u00f6rkortningen OVK st\u00e5r f\u00f6r Obligatorisk Ventilations-Kontroll och som namnet antyder \u00e4r den lagstadgad och obligatorisk. Regelverket kring funktionskontroll av ventilationssystem h\u00e4rstammar fr\u00e5n tidigt 1990-tal och \u00e4r ett resultat av att man under de f\u00f6regaende decennierna uppm\u00e4rksammade en d\u00e5lig inomhusmilj\u00f6 i m\u00e5nga offentliga lokaler och flerfamilishus. OVK, obligatorisk ventilationskontroll, ska g\u00f6ras regelbundet, i [&hellip;]<\/p>\n","protected":false},"author":1,"featured_media":0,"parent":0,"menu_order":0,"comment_status":"closed","ping_status":"open","template":"","meta":{"_monsterinsights_skip_tracking":false,"_monsterinsights_sitenote_active":false,"_monsterinsights_sitenote_note":"","_monsterinsights_sitenote_category":0,"footnotes":""},"class_list":["post-2","page","type-page","status-publish","hentry"],"yoast_head":"<!-- This site is optimized with the Yoast SEO plugin v24.4 - https:\/\/yoast.com\/wordpress\/plugins\/seo\/ -->\n<title>Hem - ffeventilationskontroll.se<\/title>\n<meta name=\"robots\" content=\"index, follow, max-snippet:-1, max-image-preview:large, max-video-preview:-1\" \/>\n<link rel=\"canonical\" href=\"https:\/\/ffeventilationskontroll.se\/\" \/>\n<meta property=\"og:locale\" content=\"sv_SE\" \/>\n<meta property=\"og:type\" content=\"article\" \/>\n<meta property=\"og:title\" content=\"Hem - ffeventilationskontroll.se\" \/>\n<meta property=\"og:description\" content=\"Dags f\u00f6r OVK? F\u00f6rkortningen OVK st\u00e5r f\u00f6r Obligatorisk Ventilations-Kontroll och som namnet antyder \u00e4r den lagstadgad och obligatorisk. Regelverket kring funktionskontroll av ventilationssystem h\u00e4rstammar fr\u00e5n tidigt 1990-tal och \u00e4r ett resultat av att man under de f\u00f6regaende decennierna uppm\u00e4rksammade en d\u00e5lig inomhusmilj\u00f6 i m\u00e5nga offentliga lokaler och flerfamilishus. OVK, obligatorisk ventilationskontroll, ska g\u00f6ras regelbundet, i [&hellip;]\" \/>\n<meta property=\"og:url\" content=\"https:\/\/ffeventilationskontroll.se\/\" \/>\n<meta property=\"og:site_name\" content=\"ffeventilationskontroll.se\" \/>\n<meta property=\"article:modified_time\" content=\"2025-02-17T21:41:36+00:00\" \/>\n<meta name=\"twitter:card\" content=\"summary_large_image\" \/>\n<meta name=\"twitter:label1\" content=\"Ber\u00e4knad l\u00e4stid\" \/>\n\t<meta name=\"twitter:data1\" content=\"2 minuter\" \/>\n<script type=\"application\/ld+json\" class=\"yoast-schema-graph\">{\"@context\":\"https:\/\/schema.org\",\"@graph\":[{\"@type\":\"WebPage\",\"@id\":\"https:\/\/ffeventilationskontroll.se\/\",\"url\":\"https:\/\/ffeventilationskontroll.se\/\",\"name\":\"Hem - ffeventilationskontroll.se\",\"isPartOf\":{\"@id\":\"https:\/\/ffeventilationskontroll.se\/#website\"},\"datePublished\":\"2025-02-09T20:24:03+00:00\",\"dateModified\":\"2025-02-17T21:41:36+00:00\",\"breadcrumb\":{\"@id\":\"https:\/\/ffeventilationskontroll.se\/#breadcrumb\"},\"inLanguage\":\"sv-SE\",\"potentialAction\":[{\"@type\":\"ReadAction\",\"target\":[\"https:\/\/ffeventilationskontroll.se\/\"]}]},{\"@type\":\"BreadcrumbList\",\"@id\":\"https:\/\/ffeventilationskontroll.se\/#breadcrumb\",\"itemListElement\":[{\"@type\":\"ListItem\",\"position\":1,\"name\":\"Home\",\"item\":\"https:\/\/ffeventilationskontroll.se\/\"},{\"@type\":\"ListItem\",\"position\":2,\"name\":\"Hem\"}]},{\"@type\":\"WebSite\",\"@id\":\"https:\/\/ffeventilationskontroll.se\/#website\",\"url\":\"https:\/\/ffeventilationskontroll.se\/\",\"name\":\"ffeventilationskontroll.se\",\"description\":\"Frisk luft, trygg milj\u00f6- vi s\u00e4kerst\u00e4ller din ventilation!\",\"potentialAction\":[{\"@type\":\"SearchAction\",\"target\":{\"@type\":\"EntryPoint\",\"urlTemplate\":\"https:\/\/ffeventilationskontroll.se\/?s={search_term_string}\"},\"query-input\":{\"@type\":\"PropertyValueSpecification\",\"valueRequired\":true,\"valueName\":\"search_term_string\"}}],\"inLanguage\":\"sv-SE\"}]}<\/script>\n<!-- \/ Yoast SEO plugin. -->","yoast_head_json":{"title":"Hem - ffeventilationskontroll.se","robots":{"index":"index","follow":"follow","max-snippet":"max-snippet:-1","max-image-preview":"max-image-preview:large","max-video-preview":"max-video-preview:-1"},"canonical":"https:\/\/ffeventilationskontroll.se\/","og_locale":"sv_SE","og_type":"article","og_title":"Hem - ffeventilationskontroll.se","og_description":"Dags f\u00f6r OVK? F\u00f6rkortningen OVK st\u00e5r f\u00f6r Obligatorisk Ventilations-Kontroll och som namnet antyder \u00e4r den lagstadgad och obligatorisk. Regelverket kring funktionskontroll av ventilationssystem h\u00e4rstammar fr\u00e5n tidigt 1990-tal och \u00e4r ett resultat av att man under de f\u00f6regaende decennierna uppm\u00e4rksammade en d\u00e5lig inomhusmilj\u00f6 i m\u00e5nga offentliga lokaler och flerfamilishus. OVK, obligatorisk ventilationskontroll, ska g\u00f6ras regelbundet, i [&hellip;]","og_url":"https:\/\/ffeventilationskontroll.se\/","og_site_name":"ffeventilationskontroll.se","article_modified_time":"2025-02-17T21:41:36+00:00","twitter_card":"summary_large_image","twitter_misc":{"Ber\u00e4knad l\u00e4stid":"2 minuter"},"schema":{"@context":"https:\/\/schema.org","@graph":[{"@type":"WebPage","@id":"https:\/\/ffeventilationskontroll.se\/","url":"https:\/\/ffeventilationskontroll.se\/","name":"Hem - ffeventilationskontroll.se","isPartOf":{"@id":"https:\/\/ffeventilationskontroll.se\/#website"},"datePublished":"2025-02-09T20:24:03+00:00","dateModified":"2025-02-17T21:41:36+00:00","breadcrumb":{"@id":"https:\/\/ffeventilationskontroll.se\/#breadcrumb"},"inLanguage":"sv-SE","potentialAction":[{"@type":"ReadAction","target":["https:\/\/ffeventilationskontroll.se\/"]}]},{"@type":"BreadcrumbList","@id":"https:\/\/ffeventilationskontroll.se\/#breadcrumb","itemListElement":[{"@type":"ListItem","position":1,"name":"Home","item":"https:\/\/ffeventilationskontroll.se\/"},{"@type":"ListItem","position":2,"name":"Hem"}]},{"@type":"WebSite","@id":"https:\/\/ffeventilationskontroll.se\/#website","url":"https:\/\/ffeventilationskontroll.se\/","name":"ffeventilationskontroll.se","description":"Frisk luft, trygg milj\u00f6- vi s\u00e4kerst\u00e4ller din ventilation!","potentialAction":[{"@type":"SearchAction","target":{"@type":"EntryPoint","urlTemplate":"https:\/\/ffeventilationskontroll.se\/?s={search_term_string}"},"query-input":{"@type":"PropertyValueSpecification","valueRequired":true,"valueName":"search_term_string"}}],"inLanguage":"sv-SE"}]}},"_links":{"self":[{"href":"https:\/\/ffeventilationskontroll.se\/index.php?rest_route=\/wp\/v2\/pages\/2","targetHints":{"allow":["GET"]}}],"collection":[{"href":"https:\/\/ffeventilationskontroll.se\/index.php?rest_route=\/wp\/v2\/pages"}],"about":[{"href":"https:\/\/ffeventilationskontroll.se\/index.php?rest_route=\/wp\/v2\/types\/page"}],"author":[{"embeddable":true,"href":"https:\/\/ffeventilationskontroll.se\/index.php?rest_route=\/wp\/v2\/users\/1"}],"replies":[{"embeddable":true,"href":"https:\/\/ffeventilationskontroll.se\/index.php?rest_route=%2Fwp%2Fv2%2Fcomments&post=2"}],"version-history":[{"count":6,"href":"https:\/\/ffeventilationskontroll.se\/index.php?rest_route=\/wp\/v2\/pages\/2\/revisions"}],"predecessor-version":[{"id":68,"href":"https:\/\/ffeventilationskontroll.se\/index.php?rest_route=\/wp\/v2\/pages\/2\/revisions\/68"}],"wp:attachment":[{"href":"https:\/\/ffeventilationskontroll.se\/index.php?rest_route=%2Fwp%2Fv2%2Fmedia&parent=2"}],"curies":[{"name":"wp","href":"https:\/\/api.w.org\/{rel}","templated":true}]}}